{"id":743,"date":"2016-09-20T10:45:30","date_gmt":"2016-09-20T10:45:30","guid":{"rendered":"http:\/\/piknikmotoryzacyjny.pl\/?page_id=743"},"modified":"2016-10-23T12:41:12","modified_gmt":"2016-10-23T12:41:12","slug":"piknik-brd","status":"publish","type":"page","link":"http:\/\/piknikmotoryzacyjny.pl\/?page_id=743","title":{"rendered":"Piknik Bezpiecze\u0144stwa Ruchu Drogowego"},"content":{"rendered":"<h2>Piknik Bezpiecze\u0144stwo w Ruchu Drogowym organizowany przez\u00a0 Polsk\u0105 Federacj\u0119 Motoryzacji przy wsp\u00f3\u0142udziale \u017bandarmerii Wojskowej.<\/h2>\n<p>&nbsp;<\/p>\n<h4>22 pa\u017adziernik 2016r Baza wojskowa w Sochaczewie (lotnisko)<\/h4>\n<p><a href=\"http:\/\/piknikmotoryzacyjny.pl\/wp-content\/uploads\/2016\/09\/PIKNIK-BRD-1.jpg\"><img loading=\"lazy\" title=\"PIKNIK BRD 1\" src=\"http:\/\/piknikmotoryzacyjny.pl\/wp-content\/uploads\/2016\/09\/PIKNIK-BRD-1.jpg\" alt=\"\" width=\"558\" height=\"388\" \/><\/a><\/p>\n<p>&nbsp;<\/p>\n<p>Impreza  dla kierowc\u00f3w samochod\u00f3w i motocykli chc\u0105cych poprawi\u0107  bezpiecze\u0144stwo  ruchu drogowego i sp\u0119dzi\u0107 czas z rodzinami w mi\u0142ej  atmosferze z du\u017c\u0105  doz\u0105 rywalizacji .<\/p>\n<h3>Zg\u0142oszenia kierujemy na adres mailowy:<\/h3>\n<p>nowikow@home.pl<\/p>\n<p>NIEPRZEKRACZALNY TERMIN ZG\u0141OSZE\u0143 20 pa\u017adziernik 2016r<\/p>\n<p>Temat maila:\u00a0\u00a0\u00a0\u00a0\u00a0\u00a0  ZG\u0141OSZENIE\u00a0 Piknik Bezpiecze\u0144stwo w\u00a0 Ruchu Drogowym<\/p>\n<p>W zg\u0142oszeniu prosz\u0119 poda\u0107:<\/p>\n<ol>\n<li>imi\u0119 i nazwisko,nr dowodu osobistego<\/li>\n<li>adres,<\/li>\n<li>numer telefonu,<\/li>\n<li>mark\u0119 samochodu i pojemno\u015b\u0107,<\/li>\n<li>nr rejestracyjny<\/li>\n<\/ol>\n<p>Prosz\u0119 r\u00f3wnie\u017c poda\u0107 dane os\u00f3b towarzysz\u0105cych(PUNKTY 1, 2, 3). Jest   to obiekt wojskowy i b\u0119dziemy wje\u017cd\u017ca\u0107 na przepustk\u0119 zbiorow\u0105.<\/p>\n<p>OSOBY Z MON \u2013 WST\u0118P WOLNY!<\/p>\n<p>&nbsp;<\/p>\n<p>UWAGA!!!!<\/p>\n<p>Osoby nie zg\u0142oszone do przepustki zbiorowej nie zostan\u0105 wpuszczone\u00a0 na teren bazy.<\/p>\n<h3>PLAN CZASOWY PIKNIKU BRD<\/h3>\n<p><strong>9.00 <\/strong><\/p>\n<p>Otwarcie bramy wjazdowej dla uczestnik\u00f3w<\/p>\n<p><strong>10.00<\/strong><\/p>\n<p>Zamkni\u0119cie bramy wjazdowej<\/p>\n<p>przeniesienie biura na teren imprezy<\/p>\n<p><strong>10.15<\/strong><\/p>\n<p>Uroczyste powitanie uczestnik\u00f3w i odprawa<\/p>\n<p><strong>10.30<\/strong><\/p>\n<p>Zapoznanie z wytyczon\u0105 tras\u0105.<\/p>\n<p><strong>10.45<\/strong><\/p>\n<p>Rozegranie konkurencji zr\u0119czno\u015bciowej\/ sprawdzianu umiej\u0119tno\u015bci \u2013 Challenge 1 z pomiarem czasu<\/p>\n<p><strong>11.30 (max 12.00)<\/strong><\/p>\n<p>Om\u00f3wienie najcz\u0119\u015bciej pope\u0142nianych b\u0142\u0119d\u00f3w, wskazanie prawid\u0142owych technik jazdy<\/p>\n<p>Praktyczne \u0107wiczenie\/jazda z Trenerem ,<\/p>\n<p>Treningi technik jazdy, atrakcje i konkursy brd: symulatory,   alkogogle, pocz\u0105tek grillowania, Porady Trenera Wyczynowych Technik   Jazdy Samochodem<\/p>\n<p>Przeprowadzenie akcji profilaktyczno \u2013 edukacyjnej propaguj\u0105cej bezpieczne zachowanie na drodze<\/p>\n<p>Gry i zabawy z u\u017cyciem alkogogli symuluj\u0105cych wp\u0142yw alkoholu na kierowc\u0119.<\/p>\n<p>Prezentacja symulatora zderze\u0144, na kt\u00f3rym mo\u017cna sprawdzi\u0107 si\u0142y dzia\u0142aj\u0105ce na kierowc\u0119 podczas zderzenia.<\/p>\n<p><strong>14.00<\/strong><\/p>\n<p>Rozegranie konkurencji zr\u0119czno\u015bciowej\/ sprawdzianu umiej\u0119tno\u015bci \u2013 Challenge 2 z pomiarem czasu<\/p>\n<p><strong>15.00<\/strong><\/p>\n<p>Zebranie g\u0142os\u00f3w na \u201eauto imprezy\u201d<\/p>\n<p>Og\u0142oszenie wynik\u00f3w za challenge 1\u00a0 i challenge 2\u00a0 oraz wytypowanie uczestnik\u00f3w super challenge $<\/p>\n<p><strong>15.30<\/strong><\/p>\n<p>Rozegranie konkurencji zr\u0119czno\u015bciowej\/ sprawdzianu umiej\u0119tno\u015bci \u2013 SUPERCHALLENGE $<\/p>\n<p><strong>16.00<\/strong><\/p>\n<p>Og\u0142oszenie wynik\u00f3w i rozdanie nagr\u00f3d<\/p>\n<p><strong>16.30<\/strong><\/p>\n<p>integracja<\/p>\n<p><strong>18.00<\/strong><\/p>\n<p>Odjazd uczestnik\u00f3w do domu<\/p>\n<p>&nbsp;<\/p>\n<p>&nbsp;<\/p>\n<p>&nbsp;<\/p>\n","protected":false},"excerpt":{"rendered":"<p>Piknik Bezpiecze\u0144stwo w Ruchu Drogowym organizowany przez\u00a0 Polsk\u0105 Federacj\u0119 Motoryzacji przy wsp\u00f3\u0142udziale \u017bandarmerii Wojskowej. &nbsp; 22 pa\u017adziernik 2016r Baza wojskowa w Sochaczewie (lotnisko) &nbsp; Impreza dla kierowc\u00f3w samochod\u00f3w i motocykli chc\u0105cych poprawi\u0107 bezpiecze\u0144stwo ruchu drogowego i sp\u0119dzi\u0107 czas z rodzinami w mi\u0142ej atmosferze z du\u017c\u0105 doz\u0105 rywalizacji . Zg\u0142oszenia kierujemy na adres mailowy: nowikow@home.pl NIEPRZEKRACZALNY [&hellip;]<\/p>\n","protected":false},"author":1,"featured_media":0,"parent":0,"menu_order":0,"comment_status":"closed","ping_status":"open","template":"","meta":[],"_links":{"self":[{"href":"http:\/\/piknikmotoryzacyjny.pl\/index.php?rest_route=\/wp\/v2\/pages\/743"}],"collection":[{"href":"http:\/\/piknikmotoryzacyjny.pl\/index.php?rest_route=\/wp\/v2\/pages"}],"about":[{"href":"http:\/\/piknikmotoryzacyjny.pl\/index.php?rest_route=\/wp\/v2\/types\/page"}],"author":[{"embeddable":true,"href":"http:\/\/piknikmotoryzacyjny.pl\/index.php?rest_route=\/wp\/v2\/users\/1"}],"replies":[{"embeddable":true,"href":"http:\/\/piknikmotoryzacyjny.pl\/index.php?rest_route=%2Fwp%2Fv2%2Fcomments&post=743"}],"version-history":[{"count":31,"href":"http:\/\/piknikmotoryzacyjny.pl\/index.php?rest_route=\/wp\/v2\/pages\/743\/revisions"}],"predecessor-version":[{"id":748,"href":"http:\/\/piknikmotoryzacyjny.pl\/index.php?rest_route=\/wp\/v2\/pages\/743\/revisions\/748"}],"wp:attachment":[{"href":"http:\/\/piknikmotoryzacyjny.pl\/index.php?rest_route=%2Fwp%2Fv2%2Fmedia&parent=743"}],"curies":[{"name":"wp","href":"https:\/\/api.w.org\/{rel}","templated":true}]}}