{"id":595,"date":"2016-03-21T21:57:46","date_gmt":"2016-03-21T21:57:46","guid":{"rendered":"http:\/\/piknikmotoryzacyjny.pl\/?page_id=595"},"modified":"2016-10-05T19:35:52","modified_gmt":"2016-10-05T19:35:52","slug":"racing-rally-challenge","status":"publish","type":"page","link":"http:\/\/piknikmotoryzacyjny.pl\/?page_id=595","title":{"rendered":"Racing Rally Challenge"},"content":{"rendered":"<p><em><strong>CYKL IMPREZ TRENINGOWO SPORTOWYCH<\/strong><\/em><\/p>\n<p><em><strong>REGULAMIN<\/strong><\/em><\/p>\n<p><em><strong>W\u0142a\u015bcicielem cyklu Racing Rally Challenge jest Polska Federacja Motoryzacji.<\/strong><\/em><\/p>\n<p><em><strong>OSOBY OFICJALNE:<br \/>\n<\/strong><\/em><\/p>\n<p>Organizatorzy poszczeg\u00f3lnych rund Racing Rally Challenge&#8230;&#8230;&#8230;.<\/p>\n<p>Dyrektor Racing Rally Challenge &#8230;&#8230;&#8230;..<\/p>\n<p>dyrektor tras Racing Rally Challenge &#8230;&#8230;&#8230;.<\/p>\n<p>trenerzy Racing Rally Challenge &#8230;&#8230;&#8230;&#8230;.<\/p>\n<p>specjalista ds bezpiecze\u0144stwa Racing Rally Challenge&#8230;&#8230;<\/p>\n<p>zabezpieczenie medyczne Racing Rally Challenge &#8230;&#8230;&#8230;.<\/p>\n<p>Sponsorzy\u00a0 Racing Rally Challenge &#8230;&#8230;&#8230;.<\/p>\n<p>Patroni medialni Racing Rally Challenge &#8230;&#8230;..<\/p>\n<p><strong><em>MIEJSCA I TERMINY Racing Rally Challenge:<\/em><\/strong><\/p>\n<p>1.miejsce, data<\/p>\n<p>2.miejsce, data<\/p>\n<p>3.miejsce, data<\/p>\n<p>4.miejsce, data<\/p>\n<p>5.miejsce, data<\/p>\n<p>6.miejsce, data<\/p>\n<p><em><strong>PLAN\u00a0 poszczeg\u00f3lnych rund Racing Rally Challenge:<\/strong><\/em><\/p>\n<p>I. godz. 9.30 zapoznanie z tras\u0105<\/p>\n<p>II. godz. 9.45 Challenge (na czas).<\/p>\n<p>III.godz.10.45\u00a0 Om\u00f3wienie element\u00f3w programowych technik jazdy -6 technik podstawowych b\u0119dzie przedstawionych i zademonstrowanych na trasie.<\/p>\n<p>IV.godz.11.15\u00a0 Trening kwalifikowany(z pomiarem czasu).<\/p>\n<p>V.godz.14.30 Racing Rally Challenge\u00a0 .<\/p>\n<p>VI. Rozdanie nagr\u00f3d za czas przejazdu.Certyfikaty udzia\u0142u w Racing Rally Chellenge.<\/p>\n<p>VII.Podsumowanie. Rozdanie nagr\u00f3d za styl jazdy. Ocena stylu techniki jazdy nabytej z uwzgl\u0119dnieniem aktualnych predyspozycji kierowcy.<\/p>\n<p>&nbsp;<\/p>\n<p><em><strong>INFORMACJE ZASADNICZE o Racing Rally Challenge:<\/strong><\/em><\/p>\n<p><em><strong><em><strong>Jest tylko 6 podstawowych\u00a0 technik jazdy   samochodem wynikaj\u0105cych z praw fizyki\u00a0 i a\u017c 1 technika b\u0142\u0119dna   doprowadzaj\u0105ca do zagro\u017cenia.<\/strong><\/em><\/strong><\/em><\/p>\n<p><em><strong>Rywalizacja w Racing Rally Challenge polega na   technicznym przeje\u017adzie trasy w jak najkr\u00f3tszym czasie wykorzystuj\u0105c   podstawowe techniki jazdy. Ocenie podlega\u00a0 <em><strong>czas przejazdu i <\/strong><\/em>stopie\u0144 zastosowania   prawid\u0142owej techniki jazdy.<\/strong><\/em><\/p>\n<p><em><strong><em><strong>Racing Rally Challenge jest imprez\u0105 treningowo sportow\u0105 o charakterze rekreacyjnym.    Udzia\u0142 w niej ma na celu\u00a0 zaprezentowanie\u00a0 samochod\u00f3w, ich osi\u0105g\u00f3w oraz umiej\u0119tno\u015bci ich bezpiecznego wykorzystania w warunkach sportowych. Udzia\u0142 w Racing Rally Challenge\u00a0 <em><strong><em><strong>podwy\u017csza umiej\u0119tno\u015bci kierowc\u00f3w co bezpo\u015brednio wp\u0142ywa na    zwi\u0119kszenie bezpiecze\u0144stwa w ruchu drogowym.<\/strong><\/em><\/strong><\/em><\/strong><\/em><\/strong><\/em><\/p>\n<p><em><strong>DLA KOGO:<\/strong><\/em><\/p>\n<p><em><strong>Racing Rally Challenge jest imprez\u0105 dla\u00a0 kierowc\u00f3w samochod\u00f3w osobowych, kt\u00f3rzy w regulaminowym terminie dope\u0142nili procedur\u0119 zg\u0142oszenia .<\/strong><\/em><\/p>\n<p><em><strong>Podzia\u0142 na klasy:<\/strong><\/em><\/p>\n<div>Klasa 1\u2013 do 850cm<\/div>\n<div>Klasa 2\u2013 od 850cm- 1150cm<\/div>\n<div>Klasa 3\u2013od 1151cm-1400cm<\/div>\n<div>Klasa 4\u2013od 1401cm\u20131600cm<\/div>\n<div>Klasa 5\u2013od 1601cm\u20132000cm<\/div>\n<div>Klasa OPEN\u2013pow 2001cm<\/div>\n<div>Samochody  posiadaj\u0105ce  silniki  z  turbodo\u0142adowaniem  zostan\u0105    dopuszczone  do  startu  w  klasie pojemno\u015bciowej wynikaj\u0105cej z   pomno\u017cenia nominalnej pojemno\u015bci silnika:<\/div>\n<div>z zap\u0142onem benzynowym x wsp\u00f3\u0142czynnik 1,7, z zap\u0142onem samoczynnym wsp\u00f3\u0142czynnik 1,5 (diesel).<\/div>\n<div>KLASA GO\u015a\u0106 &#8211; DLA KIEROWC\u00d3W POSIADAJ\u0104CYCH LICENCJ\u0118 SPORT\u00d3W MOTOROWYCH. (udzia\u0142 bez klasyfikacji &#8211; tylko w formie treningowej).<\/div>\n<div>.<\/div>\n<div><strong>KLASYFIKACJA w Racing Rally Challenge:<\/strong><\/div>\n<div><strong><br \/>\n<\/strong><\/div>\n<div><strong>Klasyfikacja tylko w klasach \u2013 generalka w klasach.   ZWYCI\u0118ZCAMI Racing Rally Challenge na r\u00f3wnym poziomie S\u0104 WSZYSCY KIEROWCY WYGRYWAJ\u0104CY KLASY   POJEMNO\u015aCIOWE .<\/strong><\/div>\n<div><strong><br \/>\n<\/strong><\/div>\n<div><strong>KLASYFIKACJA I NAGRODY:<\/strong><\/div>\n<div><strong>Nagrody dla kierowc\u00f3w za zaj\u0119cie 1, 2, 3 miejsca w danej klasie. <\/strong>Klas\u0119 mo\u017ce tworzy\u0107 1 samoch\u00f3d.<strong><br \/>\n<\/strong><\/div>\n<div><strong><br \/>\n<\/strong><\/div>\n<div><strong>KLASYFIKACJA ROCZNA:<\/strong><\/div>\n<div>W klasyfikacji rocznej Racing Rally Challenge b\u0119d\u0105 sklasyfikowani kierowcy kt\u00f3rzy brali udzia\u0142 w minimum 3 eliminacjach.<strong><br \/>\n<\/strong><\/div>\n<div><strong><br \/>\n<\/strong><\/div>\n<div><strong>WPISOWE:<\/strong><\/div>\n<div><strong><em>TYLKO W Racing Rally Challenge wpisowe na poszczeg\u00f3lne rundy Racing Rally Challenge WG POJEMNO\u015aCI SILNIKA zg\u0142oszonego samochodu.<\/em><\/strong><\/div>\n<div>Jednym samochodem je\u017adzi jeden kierowca. Chyba \u017ce zostanie uiszczone zg\u0142oszenie za innych kierowc\u00f3w do tego auta.<\/div>\n<div><strong><em>TERMIN PRZYSY\u0141ANIA ZG\u0141OSZE\u0143:<\/em><\/strong><\/div>\n<div>Zg\u0142oszenia do dnia &#8230;&#8230;&#8230;..<em> <\/em><strong><em> <\/em><\/strong><\/div>\n<div>Za dat\u0119 zg\u0142oszenia przyjmuje si\u0119 dat\u0119 wp\u0142ywu \u015brodk\u00f3w na konto Organizatora.<\/div>\n<p><em><strong> <\/strong><\/em><\/p>\n<p><strong><em>USTAWIENIA TRAS:<\/em><\/strong><\/p>\n<p>Trasy ustawiane pod kwalifikowane tory jazdy\u00a0 wg uk\u0142adu   geometrycznego, dynamicznego i mieszanego. Ustawiane z odwzorowaniem   zakr\u0119t\u00f3w niekt\u00f3rych tor\u00f3w wy\u015bcigowych. Przejrzyste bez zb\u0119dnej   s\u0142upkolandii.<\/p>\n<p><strong><em>Trening Kwalifikowany:<\/em><\/strong><\/p>\n<p><strong><em>Z uwagi na spos\u00f3b ustawienia trasy trening bez przestoj\u00f3w. Mo\u017cliwa jazda ci\u0105g\u0142a. Pilot nie jest konieczny.<br \/>\n<\/em><\/strong><\/p>\n<p>Trening prowadzony przez Trener\u00f3w Wyczynowych Technik Jazdy Samochodem.<\/p>\n<p>Spos\u00f3b resetowania niew\u0142a\u015bciwych, b\u0142\u0119dnych nawyk\u00f3w prowadzenia   samochodu, wynikaj\u0105cych z braku informacji podstawowych wyczynowych   technik jazdy.<\/p>\n<p>Informacje z element\u00f3w wyczynowych technik jazdy przedstawiane w spos\u00f3b prosty i zrozumia\u0142y.<\/p>\n<p><em><strong>Racing Rally Challenge:<\/strong><\/em><\/p>\n<p>Pilot w trakcie Racing Rally Challenge nie jest konieczny. <em><strong><br \/>\n<\/strong><\/em><\/p>\n<p>Pomiar czasu przy u\u017cyciu elektronicznej aparatury pomiarowej lub   stopera. W zale\u017cno\u015bci od konfiguracji trasy meta stop, lub meta lotna. W   zale\u017cno\u015bci od konfiguracji trasy mo\u017cliwy start uczestnik\u00f3w co 15sec.<em><em> <\/em><strong><em><strong><br \/>\n<\/strong><\/em><\/strong><\/em><\/p>\n<p><strong><em>Nagrody:<\/em><\/strong><\/p>\n<p>Puchary i nagrody rzeczowe za czas przejazdu wg oddzielnego regulaminu.<\/p>\n<p>Puchary za styl techniki jazdy dla 3 najlepiej technicznie je\u017cd\u017c\u0105cych kierowc\u00f3w ( niezale\u017cnie od samochodu)<\/p>\n<p>Certyfikat udzia\u0142u w Racing Rally Chellenge dla wszystkich uczestnik\u00f3w.<\/p>\n<p><strong><em>BEZPIECZE\u0143STWO:<\/em><\/strong><\/p>\n<p>Wszelkie dzia\u0142ania na terenie imprezy nie opisane w regulaminie mo\u017cliwe\u00a0 tylko za wyra\u017an\u0105 zgod\u0105 organizatora.<\/p>\n<p>Zabronione s\u0105 jakiekolwiek jazdy samochodem poza terenem przygotowanym i zabezpieczonym przez<br \/>\norganizatora. Poza wyznaczon\u0105\u00a0 tras\u0105 sportow\u0105 zabrania si\u0119 palenia gumy, kr\u0119cenia b\u0105czk\u00f3w, grzania opon.\u00a0 Poza wyznaczon\u0105\u00a0 tras\u0105 sportow\u0105 samochodami poruszamy si\u0119 z bezpieczn\u0105 pr\u0119dko\u015bci\u0105 &#8211; nie wi\u0119cej ni\u017c 40km\/h.<\/p>\n<p>Wszelka niesubordynacja skutkowa\u0107 b\u0119dzie usuni\u0119ciem z imprezy os\u00f3b powoduj\u0105cych zagro\u017cenie.<\/p>\n<p><em>Zdarzenia nie obj\u0119te niniejszym regulaminem, podlegaj\u0105 obowi\u0105zuj\u0105cym przepisom prawa cywilnego, karnego i przepisom\u00a0 ruchu drogowego.<\/em><\/p>\n<p><em>Organizator nie ponosi odpowiedzialno\u015bci za szkody\u00a0 spowodowane i odniesione przez uczestnik\u00f3w Racing Rally Challenge. Uczestnicy Racing Rally Challenge bior\u0105 w nim udzia\u0142 na w\u0142asn\u0105 odpowiedzialno\u015b\u0107 i w\u0142asne ryzyko, co akceptuj\u0105 wysy\u0142aj\u0105c zg\u0142oszenie.<br \/>\n<\/em><\/p>\n<p>&nbsp;<\/p>\n<p>&nbsp;<\/p>\n","protected":false},"excerpt":{"rendered":"<p>CYKL IMPREZ TRENINGOWO SPORTOWYCH REGULAMIN W\u0142a\u015bcicielem cyklu Racing Rally Challenge jest Polska Federacja Motoryzacji. OSOBY OFICJALNE: Organizatorzy poszczeg\u00f3lnych rund Racing Rally Challenge&#8230;&#8230;&#8230;. Dyrektor Racing Rally Challenge &#8230;&#8230;&#8230;.. dyrektor tras Racing Rally Challenge &#8230;&#8230;&#8230;. trenerzy Racing Rally Challenge &#8230;&#8230;&#8230;&#8230;. specjalista ds bezpiecze\u0144stwa Racing Rally Challenge&#8230;&#8230; zabezpieczenie medyczne Racing Rally Challenge &#8230;&#8230;&#8230;. Sponsorzy\u00a0 Racing Rally Challenge &#8230;&#8230;&#8230;. [&hellip;]<\/p>\n","protected":false},"author":1,"featured_media":0,"parent":0,"menu_order":0,"comment_status":"closed","ping_status":"open","template":"","meta":[],"_links":{"self":[{"href":"http:\/\/piknikmotoryzacyjny.pl\/index.php?rest_route=\/wp\/v2\/pages\/595"}],"collection":[{"href":"http:\/\/piknikmotoryzacyjny.pl\/index.php?rest_route=\/wp\/v2\/pages"}],"about":[{"href":"http:\/\/piknikmotoryzacyjny.pl\/index.php?rest_route=\/wp\/v2\/types\/page"}],"author":[{"embeddable":true,"href":"http:\/\/piknikmotoryzacyjny.pl\/index.php?rest_route=\/wp\/v2\/users\/1"}],"replies":[{"embeddable":true,"href":"http:\/\/piknikmotoryzacyjny.pl\/index.php?rest_route=%2Fwp%2Fv2%2Fcomments&post=595"}],"version-history":[{"count":85,"href":"http:\/\/piknikmotoryzacyjny.pl\/index.php?rest_route=\/wp\/v2\/pages\/595\/revisions"}],"predecessor-version":[{"id":601,"href":"http:\/\/piknikmotoryzacyjny.pl\/index.php?rest_route=\/wp\/v2\/pages\/595\/revisions\/601"}],"wp:attachment":[{"href":"http:\/\/piknikmotoryzacyjny.pl\/index.php?rest_route=%2Fwp%2Fv2%2Fmedia&parent=595"}],"curies":[{"name":"wp","href":"https:\/\/api.w.org\/{rel}","templated":true}]}}