{"id":395,"date":"2012-07-09T21:02:56","date_gmt":"2012-07-09T21:02:56","guid":{"rendered":"http:\/\/piknikmotoryzacyjny.pl\/?page_id=395"},"modified":"2012-07-09T21:03:35","modified_gmt":"2012-07-09T21:03:35","slug":"poslizgi-kontrolowane","status":"publish","type":"page","link":"http:\/\/piknikmotoryzacyjny.pl\/?page_id=395","title":{"rendered":"PO\u015aLIZGI KONTROLOWANE"},"content":{"rendered":"<p><strong><em>TRENING\u00a0 PO\u015aLIZG\u00d3W KONTROLOWANYCH<\/em><\/strong><\/p>\n<p>\u00a0<strong><em>!!!!!!!!!!!!!!!. U.W.A.G.A.!!!!!!!!!!!!!!!!!!!!<\/em><\/strong><\/p>\n<p><strong><em>SPOTYKAMY SI\u0118\u00a0 W NIEDZIEL\u0118 08.05.2011r O GODZINIE 9.00 NA PARKINGU\u00a0 ZA BRAM\u0104 WJAZDOW\u0104 NA TEREN LOTNISKA.<\/em><\/strong><\/p>\n<p><strong><em>DOPE\u0141NIAMY\u00a0 FORMALNO\u015aCI PAPIERKOWYCH I DALEJ PRZEMIESZCZAMY SI\u0118\u00a0 WG INSTRUKCJI ORGANIZATOR\u00d3W.<\/em><\/strong><\/p>\n<p><strong><em>ZE WZGL\u0118D\u00d3W ORGANIZACYJNYCH IMPREZA MA CHARAKTER KAMERALNY. <\/em><\/strong><\/p>\n<p><strong><em>WJAZD NA TEREN LOTNISKA TYLKO DLA OS\u00d3B WCZE\u015aNIEJ ZG\u0141OSZONYCH NA LIST\u0118 ZG\u0141OSZE\u0143 (I ICH OS\u00d3B TOWARZYSZ\u0104CYCH). <\/em><\/strong><\/p>\n<p><strong><em>OSOBY NIE ZG\u0141OSZONE NIE B\u0118D\u0104 MOG\u0141Y\u00a0 WJECHA\u0106 NA TEREN LOTNISKA.<\/em><\/strong><\/p>\n<p><strong><em>O\u00a0GODZINIE 10.00 BRAMA LOTNISKA ZOSTANIE ZAMKNI\u0118TA I ROZPOCZYNAMY TRENING.<\/em><\/strong><\/p>\n<p><strong><em>\u2026\u2026\u2026\u2026\u2026\u2026\u2026\u2026\u2026\u2026\u2026\u2026\u2026\u2026\u2026\u2026\u2026\u2026\u2026\u2026\u2026\u2026\u2026\u2026\u2026\u2026\u2026\u2026\u2026\u2026\u2026\u2026<\/em><\/strong><\/p>\n<p><strong><em>\u2026\u2026\u2026\u2026\u2026\u2026\u2026\u2026\u2026\u2026\u2026\u2026\u2026\u2026\u2026\u2026\u2026\u2026\u2026\u2026\u2026\u2026\u2026\u2026\u2026\u2026\u2026\u2026\u2026\u2026\u2026..<\/em><\/strong><\/p>\n<p><strong><em>Impreza dla wsztstkich posiadaj\u0105cych samoch\u00f3d.<\/em><\/strong><br \/>\nKIEDY &#8211;\u00a0\u00a08 maj 2011r NIEDZIELA<br \/>\nGDZIE &#8211;\u00a0\u00a0\u00a0LOTNISKO NOWE MIASTO n. Pilic\u0105<\/p>\n<p>Cel imprezy<\/p>\n<p>\u00a0&#8211; <strong><em>doskonalenie jazdy po\u015blizgami kontrolowanymi<\/em><\/strong><br \/>\nPodczas pikniku\u00a0 zostan\u0105 wyja\u015bnione r\u00f3\u017cnice mi\u0119dzy po\u015blizgiem\u00a0 bocznym , driftowym, klasycznym\u00a0.\u00a0 Trening po\u015blizg\u00f3w kontrolowanych zwi\u0119kszy\u00a0\u00a0szanse na unikni\u0119cie zagro\u017cenia w sytuacji ekstremalnej na drodze,\u00a0\u00a0<em>A\u00a0 STARTUJ\u0104CYM W ZAWODACH\u00a0(rajdy, kjs,drift) \u00a0OTWORZY NOWE MO\u017bLIWO\u015aCI NA UZYSKIWANIE LEPSZYCH WYNIK\u00d3W<\/em>.<\/p>\n<p>\u00a0&#8211; <strong><em>reklamy w\u0142asne\u00a0 uczestnik\u00f3w <\/em><\/strong>&#8211; ich firm, zespo\u0142\u00f3w sportowych, itp<br \/>\nPo raz pierwszy mo\u017cliwo\u015b\u0107 podczas pikniku zareklamowania za darmo w\u0142asnej firmy, produktu,us\u0142ugi.Mo\u017cecie przywie\u017a\u0107 hostessy, rozdawa\u0107 ulotki, ustawi\u0107 balony reklamowe, flagi itp.\u00a0<\/p>\n<p>Trening przewidziany dla kierowc\u00f3w posiadaj\u0105cych samochody z nap\u0119dem\u00a0 :przednim , tylnym\u00a0,\u00a0quatro.<\/p>\n<p>PO\u015aLIZG KONTROLOWANY -Utrzymanie w po\u015blizgu zamierzonego toru jazdy w\/g faz zakr\u0119tu.<\/p>\n<p>Zamierzone wprowadzenie samochodu w po\u015blizg, zamierzone pokonanie zakr\u0119tu w po\u015blizgu i zamierzone wyprowadzenie z po\u015blizgu w zamierzonym torze jazdy w\/g faz zakr\u0119tu.<\/p>\n<p>Nie mylcie jazdy w po\u015blizgu kontrolowanym z hamowaniem bocznym i ratowaniem.<\/p>\n<p><strong>!!! U W A G A !!<\/strong>! PO\u015aLIZG NIEKONTROLOWANY (przypadkowy lub spowodowany b\u0142\u0119dem kierowcy)<\/p>\n<p>\u00a0Gdy w trakcie po\u015blizgu o\u015b symetrii samochodu znajdzie si\u0119 poza osi\u0105 zamierzonego toru jazdy tracimy kontrol\u0119 nad smochodem i wpadamy w\u00a0\u00a0po\u015blizg niekontrolowany. Przyczynami po\u015blizg\u00f3w niekontrolowanych s\u0105 (w skr\u00f3cie) : niew\u0142a\u015bciwy pocz\u0105tek (sp\u00f3\u017anione wej\u015bcie) ,niew\u0142a\u015bciwa kontra kierownic\u0105, sp\u00f3\u017aniony lub za du\u017cy \u2013 za ma\u0142y gaz, niew\u0142a\u015bciwe zgranie kierownicy z gazem,\u00a0 nag\u0142a zmiana przyczepno\u015bci.\u00a0 EFEKTY \u2013 walka z kierownic\u0105, nie trzymanie zamierzonego toru jazdy,\u00a0 bardzo szybkie zu\u017cycie opon, du\u017ce zm\u0119czenie i stres kierowcy , brak mo\u017cliw\u015bci przyspieszania w zakr\u0119cie i za zakr\u0119tem, niestabilno\u015b\u0107 samochodu, wypadni\u0119cie \u00a0auta z drogi, uszkodzenie samochodu, urwanie ko\u0142a, zgi\u0119cie zawieszenia \u2014-!!!<strong>!!!TAK NIE JE\u0179DZIMY!!!!!!<\/strong><\/p>\n<p><strong>PODCZAS\u00a0 TEJ IMPREZY TRENUJEMY JAZD\u0118 W PO\u015aLIZGU KONTROLOWANYM<\/strong><\/p>\n<p>Kask obowi\u0105zkowo.<\/p>\n<p>Trenujemy \u00a0ca\u0142y\u00a0 czas &#8211;\u00a0 odpowiednia konfiguracja trasy<\/p>\n<p>Jedno zg\u0142oszenie \u2013 jeden kierowca<\/p>\n<p>dla kierowc\u00f3w\u00a0 pocz\u0119stunek\u00a0 \u2013 kie\u0142basa z grilla i napoje.<\/p>\n<p>wjazd na teren od godz. 9.00.<br \/>\nPobranie dokument\u00f3w organizacyjnych.<br \/>\nZaj\u0119cie wytyczonego miejsca<\/p>\n<p>Pocz\u0105tek imprezy godz 10.00<br \/>\nkoniec imprezy 17.00<\/p>\n<p>Przed rozpocz\u0119ciem imprezy mo\u017cliwo\u015b\u0107 ustawienia reklam tylko dla uczestnik\u00f3w w cenie wpisowego.\u00a0 Przed rozpocz\u0119ciem imprezy ustawienie namiot\u00f3w reklamowych , serwisowych w wyznaczonych miejscach.<\/p>\n<p>Wszelkie dzia\u0142ania na terenie lotniska tylko za wyra\u017an\u0105 zgod\u0105 organizatora.<\/p>\n<p>Zabronione s\u0105 jakiekolwiek jazdy samochodem poza terenem przygotowanym i zabezpieczonym przez<br \/>\norganizatora.<\/p>\n<p>Wszelka niesubordynacja skutkowa\u0107 b\u0119dzie usuni\u0119ciem z imprezy os\u00f3b powoduj\u0105cych zagro\u017cenie.<\/p>\n<p>Impreza z ograniczon\u0105 ilo\u015bci\u0105\u00a0 uczestnik\u00f3w.<\/p>\n","protected":false},"excerpt":{"rendered":"<p>TRENING\u00a0 PO\u015aLIZG\u00d3W KONTROLOWANYCH \u00a0!!!!!!!!!!!!!!!. U.W.A.G.A.!!!!!!!!!!!!!!!!!!!! SPOTYKAMY SI\u0118\u00a0 W NIEDZIEL\u0118 08.05.2011r O GODZINIE 9.00 NA PARKINGU\u00a0 ZA BRAM\u0104 WJAZDOW\u0104 NA TEREN LOTNISKA. DOPE\u0141NIAMY\u00a0 FORMALNO\u015aCI PAPIERKOWYCH I DALEJ PRZEMIESZCZAMY SI\u0118\u00a0 WG INSTRUKCJI ORGANIZATOR\u00d3W. ZE WZGL\u0118D\u00d3W ORGANIZACYJNYCH IMPREZA MA CHARAKTER KAMERALNY. WJAZD NA TEREN LOTNISKA TYLKO DLA OS\u00d3B WCZE\u015aNIEJ ZG\u0141OSZONYCH NA LIST\u0118 ZG\u0141OSZE\u0143 (I ICH OS\u00d3B TOWARZYSZ\u0104CYCH). OSOBY [&hellip;]<\/p>\n","protected":false},"author":1,"featured_media":0,"parent":0,"menu_order":0,"comment_status":"closed","ping_status":"open","template":"","meta":[],"_links":{"self":[{"href":"http:\/\/piknikmotoryzacyjny.pl\/index.php?rest_route=\/wp\/v2\/pages\/395"}],"collection":[{"href":"http:\/\/piknikmotoryzacyjny.pl\/index.php?rest_route=\/wp\/v2\/pages"}],"about":[{"href":"http:\/\/piknikmotoryzacyjny.pl\/index.php?rest_route=\/wp\/v2\/types\/page"}],"author":[{"embeddable":true,"href":"http:\/\/piknikmotoryzacyjny.pl\/index.php?rest_route=\/wp\/v2\/users\/1"}],"replies":[{"embeddable":true,"href":"http:\/\/piknikmotoryzacyjny.pl\/index.php?rest_route=%2Fwp%2Fv2%2Fcomments&post=395"}],"version-history":[{"count":3,"href":"http:\/\/piknikmotoryzacyjny.pl\/index.php?rest_route=\/wp\/v2\/pages\/395\/revisions"}],"predecessor-version":[{"id":398,"href":"http:\/\/piknikmotoryzacyjny.pl\/index.php?rest_route=\/wp\/v2\/pages\/395\/revisions\/398"}],"wp:attachment":[{"href":"http:\/\/piknikmotoryzacyjny.pl\/index.php?rest_route=%2Fwp%2Fv2%2Fmedia&parent=395"}],"curies":[{"name":"wp","href":"https:\/\/api.w.org\/{rel}","templated":true}]}}