{"id":1415,"date":"2020-05-26T00:39:36","date_gmt":"2020-05-26T00:39:36","guid":{"rendered":"http:\/\/piknikmotoryzacyjny.pl\/?page_id=1415"},"modified":"2020-07-07T20:54:34","modified_gmt":"2020-07-07T20:54:34","slug":"szlakiem-latarni-morskich","status":"publish","type":"page","link":"http:\/\/piknikmotoryzacyjny.pl\/?page_id=1415","title":{"rendered":"SZLAKIEM LATARNI MORSKICH"},"content":{"rendered":"<h1>TURYSTYCZNY WYJAZD INTEGRACYJNY<\/h1>\n<p><a href=\"http:\/\/piknikmotoryzacyjny.pl\/wp-content\/uploads\/2020\/05\/szlakim-latarni.jpg\"><img loading=\"lazy\" class=\"aligncenter size-full wp-image-1539\" title=\"szlakim latarni\" src=\"http:\/\/piknikmotoryzacyjny.pl\/wp-content\/uploads\/2020\/05\/szlakim-latarni.jpg\" alt=\"\" width=\"566\" height=\"423\" srcset=\"http:\/\/piknikmotoryzacyjny.pl\/wp-content\/uploads\/2020\/05\/szlakim-latarni.jpg 566w, http:\/\/piknikmotoryzacyjny.pl\/wp-content\/uploads\/2020\/05\/szlakim-latarni-401x300.jpg 401w\" sizes=\"(max-width: 566px) 100vw, 566px\" \/><\/a><\/p>\n<p>Zapraszamy do wsp\u00f3lnego wyjazdu.<\/p>\n<p>Rozwijamy pomys\u0142 na wakacyjny wyjazd zaproponowany przez naszego koleg\u0119 Marcina.<\/p>\n<p>Plan jest w miar\u0119 prosty. Jedziemy jak w tytule szlakiem polskich latarni morskich. Czyli morze pla\u017ca i latarnie.<\/p>\n<p>Termin &#8211; od 13 lipca do &#8211; ile kto da rady, ale raczej nie d\u0142u\u017cej ni\u017c 2 tygodnie.<\/p>\n<p>Przy okazji\u00a0 wyjazdu planujemy zwiedzi\u0107 i zobaczy\u0107 mo\u017cliwie du\u017co  innych atrakcji po trasie przejazdu. \u017beby by\u0142o co wspomina\u0107. Niby  p\u00f3\u0142nocno zachodnia i p\u00f3\u0142nocna cz\u0119\u015b\u0107 Polski nie jest daleko, ale niezbyt  cz\u0119sto tam bywamy wi\u0119c warto zobaczy\u0107 wi\u0119cej.<\/p>\n<p>Wyjazd dla wszystkich zmotoryzowanych.\u00a0 Spanie raczej zwi\u0105zane z samochodami, namiotami &#8211; czyli kempingi, lub na dziko.<\/p>\n<p>Jak kto\u015b b\u0119dzie chcia\u0142 jecha\u0107 motorem to pomo\u017cemy przewie\u017a\u0107 ekwipunek.<\/p>\n<p>W planie przede wszystkim mile sp\u0119dzony czas w dobrym towarzystwie.  Pozwiedzamy, pogadamy, pogrillujemy, pobiwakujemy, posiedzimy na pla\u017cy i  inne na p..<\/p>\n<p>Poniewa\u017c mamy zacz\u0105\u0107 od strony zachodniej proponuje wyszukanie  r\u00f3\u017cnych atrakcyjnych miejsc po trasie &#8211; historycznych, religijnych,  militarnych, jakich\u015b niesamowitych,\u00a0 po prostu wartych obejrzenia. Mo\u017ce  co\u015b zwi\u0105zane z motoryzacj\u0105 mo\u017ce jakie\u015b fabryki, browary, czy opuszczone  miejsca . Jaki\u015b kr\u00f3tki szlak turystyczno krajobrazowy &#8211; pieszy itp.<\/p>\n<p>Prawdopodobnie sporo z nas ruszy z okolic Warszawy,\u00a0 albo b\u0119dzie  przeje\u017cd\u017ca\u0107 obok wi\u0119c proponuje znale\u017a\u0107 co\u015b co mniej wi\u0119cej 50km w  kierunku Szczecina, Poznania. Mo\u017ce jezioro Gop\u0142o, Biskupin albo Jezioro  Weneckie&#8230;.<\/p>\n<p>By\u0107 mo\u017ce nie ka\u017cdy b\u0119dzie dysponowa\u0142 czasem na ca\u0142y wyjazd, dlatego  jak sporz\u0105dzimy plan wyjazdu b\u0119dzie mo\u017cna si\u0119 do\u0142\u0105czy\u0107 ka\u017cdego dnia. Lub  od\u0142\u0105czy\u0107.<\/p>\n<p>I tak, przy udziale wszystkich zainteresowanych powsta\u0142 bardzo fajny plan wyjazdu:<\/p>\n<p>Startujemy 13.07.2020r w godzinach mocno porannych z okolic Warszawy i  ruszamy star\u0105 2 w kierunku Poznania. Cz\u0119\u015b\u0107 grupy do\u0142\u0105czy w Sochaczewie.  Dalej kierujemy si\u0119 wg poni\u017cszego planu nie nak\u0142adaj\u0105c wyznacznik\u00f3w  czasowych.<\/p>\n<p>Polskie Malediwy<br \/>\nLiche\u0144<br \/>\nJezioro Gop\u0142o i Mysia Wie\u017ca<br \/>\nZesp\u00f3\u0142 Pa\u0142acowy Dembi\u0144skiego<br \/>\nWenecja \u2013 jezioro<br \/>\nBiskupin<br \/>\nRzym<\/p>\n<p>Ruiny Diabelskiego Zamku<br \/>\nSilverado City<br \/>\nW\u0105growiec \u2013 piramida<br \/>\nMargonin \u2013 neogotycki pa\u0142ac<br \/>\nWa\u0142cz \u2013 czarodziejska g\u00f3ra<br \/>\nSzwecja \u2013 kajaki<br \/>\nK\u0142omino \u2013 miasto widmo<br \/>\nTuczno \u2013 bunkry<br \/>\nDrawie\u0144ski Park Narodowy<br \/>\nDobiegniew \u2013 Muzeum Oflag<br \/>\nStrzelce Kraje\u0144skie<br \/>\nSzczecin \u2013 podziemne trasy, Muzeum Techniki Komunikacji<br \/>\nWolin \u2013 podziemne miasto<br \/>\nWapnica \u2013 Jezioro Turkusowe<br \/>\n\u015awinouj\u015bcie \u2013 latarnia, Fort<br \/>\nFort Anio\u0142a<br \/>\nKawcza G\u00f3ra<br \/>\nKikut \u2013 latarnia morska<br \/>\nNiechorze \u2013 latarnia morska<br \/>\nKo\u0142obrzeg \u2013 molo ?<br \/>\nG\u0105ski \u2013 latarnia morska<br \/>\nGrzybnica \u2013 kamienne kr\u0119gi<br \/>\nDar\u0142owo \u2013 latarnia morska<br \/>\nZamek Ksi\u0105\u017c\u0105t Pomorskich<br \/>\nJaros\u0142awiec \u2013 latarnia morska<br \/>\nCzo\u0142pino \u2013 latarnia morska<br \/>\nS\u0142owi\u0144ski Park Narodowy \u2013 wydmy, pustynia<br \/>\nStilo \u2013 latarnia morska<br \/>\nSasin \u2013 kameralna pla\u017ca<br \/>\nRozewie \u2013 latarnia morska<br \/>\nPuck \u2013 Grota Mechowska<br \/>\nRewa<br \/>\nDroga Kaszubska (1 dzie\u0144)<br \/>\nW\u0119siory \u2013 Kamienne Kr\u0119gi<br \/>\nZamek w Bytowie<br \/>\nChmielno \u2013 Kaszubskie Saint Tropez<br \/>\n\u0141apalice \u2013 Zamek (wsp\u00f3\u0142czesny)<br \/>\nSzymbark \u2013 dom stoj\u0105cy na dachu<br \/>\nWdzydze \u2013 Skansen<br \/>\nBory Tucholskie<br \/>\nMalbork \u2013 zamek<br \/>\nGniew \u2013 zamek<br \/>\nJab\u0142onowo Pomorskie \u2013 ruiny<br \/>\nBrodnica \u2013 zamek<br \/>\nBachotek \u2013 jezioro<\/p>\n<p>&nbsp;<\/p>\n<p>&nbsp;<\/p>\n<p>&nbsp;<\/p>\n<p>&nbsp;<\/p>\n<p>&nbsp;<\/p>\n<p>&nbsp;<\/p>\n<p>&nbsp;<\/p>\n<p>&nbsp;<\/p>\n<p>&nbsp;<\/p>\n<p>&nbsp;<\/p>\n<p>&nbsp;<\/p>\n<p>&nbsp;<\/p>\n<p>&nbsp;<\/p>\n<p>&nbsp;<\/p>\n<p>&nbsp;<\/p>\n<p>&nbsp;<\/p>\n<p>&nbsp;<\/p>\n<p><a href=\"https:\/\/pl.tripadvisor.com\/Attraction_Review-g274736-d2624742-Reviews-The_Museum_of_Technology_and_Transport-Szczecin_Western_Pomerania_Province_Wester.html\" target=\"_blank\"><\/a><\/p>\n<p><a href=\"https:\/\/pl.tripadvisor.com\/Attraction_Review-g274736-d2624742-Reviews-The_Museum_of_Technology_and_Transport-Szczecin_Western_Pomerania_Province_Wester.html\" target=\"_blank\"><\/a><\/p>\n<p><a href=\"https:\/\/pl.tripadvisor.com\/Attraction_Review-g274736-d2624742-Reviews-The_Museum_of_Technology_and_Transport-Szczecin_Western_Pomerania_Province_Wester.html\" target=\"_blank\"><\/a><\/p>\n<p><a href=\"https:\/\/pl.tripadvisor.com\/Attraction_Review-g274736-d2624742-Reviews-The_Museum_of_Technology_and_Transport-Szczecin_Western_Pomerania_Province_Wester.html\" target=\"_blank\"><\/a><\/p>\n<p><a href=\"https:\/\/pl.tripadvisor.com\/Attraction_Review-g274736-d2624742-Reviews-The_Museum_of_Technology_and_Transport-Szczecin_Western_Pomerania_Province_Wester.html\" target=\"_blank\"><\/a><\/p>\n<p><a href=\"https:\/\/pl.tripadvisor.com\/Attraction_Review-g274736-d2624742-Reviews-The_Museum_of_Technology_and_Transport-Szczecin_Western_Pomerania_Province_Wester.html\" target=\"_blank\"><\/a><\/p>\n<p><a href=\"https:\/\/pl.tripadvisor.com\/Attraction_Review-g274736-d2624742-Reviews-The_Museum_of_Technology_and_Transport-Szczecin_Western_Pomerania_Province_Wester.html\" target=\"_blank\"><\/a><\/p>\n<p><a href=\"https:\/\/pl.tripadvisor.com\/Attraction_Review-g274736-d2624742-Reviews-The_Museum_of_Technology_and_Transport-Szczecin_Western_Pomerania_Province_Wester.html\" target=\"_blank\"><\/a><\/p>\n<p><a href=\"https:\/\/pl.tripadvisor.com\/Attraction_Review-g274736-d2624742-Reviews-The_Museum_of_Technology_and_Transport-Szczecin_Western_Pomerania_Province_Wester.html\" target=\"_blank\"><\/a><\/p>\n<p><a href=\"https:\/\/pl.tripadvisor.com\/Attraction_Review-g274736-d2624742-Reviews-The_Museum_of_Technology_and_Transport-Szczecin_Western_Pomerania_Province_Wester.html\" target=\"_blank\"><\/a><\/p>\n<p><a href=\"https:\/\/pl.tripadvisor.com\/Attraction_Review-g274736-d2624742-Reviews-The_Museum_of_Technology_and_Transport-Szczecin_Western_Pomerania_Province_Wester.html\" target=\"_blank\"><\/a><\/p>\n<p><a href=\"https:\/\/pl.tripadvisor.com\/Attraction_Review-g274736-d2624742-Reviews-The_Museum_of_Technology_and_Transport-Szczecin_Western_Pomerania_Province_Wester.html\" target=\"_blank\"><\/a><\/p>\n<p><a href=\"https:\/\/pl.tripadvisor.com\/Attraction_Review-g274736-d2624742-Reviews-The_Museum_of_Technology_and_Transport-Szczecin_Western_Pomerania_Province_Wester.html\" target=\"_blank\"><\/a><\/p>\n<p><a href=\"https:\/\/pl.tripadvisor.com\/Attraction_Review-g274736-d2624742-Reviews-The_Museum_of_Technology_and_Transport-Szczecin_Western_Pomerania_Province_Wester.html\" target=\"_blank\"><\/a><\/p>\n<p><a href=\"https:\/\/pl.tripadvisor.com\/Attraction_Review-g274736-d2624742-Reviews-The_Museum_of_Technology_and_Transport-Szczecin_Western_Pomerania_Province_Wester.html\" target=\"_blank\"><\/a><\/p>\n<p><a href=\"https:\/\/pl.tripadvisor.com\/Attraction_Review-g274736-d2624742-Reviews-The_Museum_of_Technology_and_Transport-Szczecin_Western_Pomerania_Province_Wester.html\" target=\"_blank\"><\/a><\/p>\n<p><a href=\"https:\/\/pl.tripadvisor.com\/Attraction_Review-g274736-d2624742-Reviews-The_Museum_of_Technology_and_Transport-Szczecin_Western_Pomerania_Province_Wester.html\" target=\"_blank\"><\/a><\/p>\n<p><a href=\"https:\/\/pl.tripadvisor.com\/Attraction_Review-g274736-d2624742-Reviews-The_Museum_of_Technology_and_Transport-Szczecin_Western_Pomerania_Province_Wester.html\" target=\"_blank\"><\/a><\/p>\n<p><a href=\"https:\/\/pl.tripadvisor.com\/Attraction_Review-g274736-d2624742-Reviews-The_Museum_of_Technology_and_Transport-Szczecin_Western_Pomerania_Province_Wester.html\" target=\"_blank\"><\/a><\/p>\n<p><a href=\"https:\/\/pl.tripadvisor.com\/Attraction_Review-g274736-d2624742-Reviews-The_Museum_of_Technology_and_Transport-Szczecin_Western_Pomerania_Province_Wester.html\" target=\"_blank\"><\/a><\/p>\n<p><a href=\"https:\/\/pl.tripadvisor.com\/Attraction_Review-g274736-d2624742-Reviews-The_Museum_of_Technology_and_Transport-Szczecin_Western_Pomerania_Province_Wester.html\" target=\"_blank\"><\/a><\/p>\n<p><a href=\"https:\/\/pl.tripadvisor.com\/Attraction_Review-g274736-d2624742-Reviews-The_Museum_of_Technology_and_Transport-Szczecin_Western_Pomerania_Province_Wester.html\" target=\"_blank\"><\/a><\/p>\n<p><a href=\"https:\/\/pl.tripadvisor.com\/Attraction_Review-g274736-d2624742-Reviews-The_Museum_of_Technology_and_Transport-Szczecin_Western_Pomerania_Province_Wester.html\" target=\"_blank\"><\/a><\/p>\n<p><a href=\"https:\/\/pl.tripadvisor.com\/Attraction_Review-g274736-d2624742-Reviews-The_Museum_of_Technology_and_Transport-Szczecin_Western_Pomerania_Province_Wester.html\" target=\"_blank\"><\/a><\/p>\n<p><a href=\"https:\/\/pl.tripadvisor.com\/Attraction_Review-g274736-d2624742-Reviews-The_Museum_of_Technology_and_Transport-Szczecin_Western_Pomerania_Province_Wester.html\" target=\"_blank\"><\/a><\/p>\n<p><a href=\"https:\/\/pl.tripadvisor.com\/Attraction_Review-g274736-d2624742-Reviews-The_Museum_of_Technology_and_Transport-Szczecin_Western_Pomerania_Province_Wester.html\" target=\"_blank\"><\/a><\/p>\n<p><a href=\"https:\/\/pl.tripadvisor.com\/Attraction_Review-g274736-d2624742-Reviews-The_Museum_of_Technology_and_Transport-Szczecin_Western_Pomerania_Province_Wester.html\" target=\"_blank\"><\/a><\/p>\n<p><a href=\"https:\/\/pl.tripadvisor.com\/Attraction_Review-g274736-d2624742-Reviews-The_Museum_of_Technology_and_Transport-Szczecin_Western_Pomerania_Province_Wester.html\" target=\"_blank\"><\/a><\/p>\n<p><a href=\"https:\/\/pl.tripadvisor.com\/Attraction_Review-g274736-d2624742-Reviews-The_Museum_of_Technology_and_Transport-Szczecin_Western_Pomerania_Province_Wester.html\" target=\"_blank\"><\/a><\/p>\n<p>&nbsp;<\/p>\n<p>&nbsp;<\/p>\n<p>&nbsp;<\/p>\n","protected":false},"excerpt":{"rendered":"<p>TURYSTYCZNY WYJAZD INTEGRACYJNY Zapraszamy do wsp\u00f3lnego wyjazdu. Rozwijamy pomys\u0142 na wakacyjny wyjazd zaproponowany przez naszego koleg\u0119 Marcina. Plan jest w miar\u0119 prosty. Jedziemy jak w tytule szlakiem polskich latarni morskich. Czyli morze pla\u017ca i latarnie. Termin &#8211; od 13 lipca do &#8211; ile kto da rady, ale raczej nie d\u0142u\u017cej ni\u017c 2 tygodnie. Przy okazji\u00a0 [&hellip;]<\/p>\n","protected":false},"author":1,"featured_media":0,"parent":0,"menu_order":15,"comment_status":"closed","ping_status":"open","template":"","meta":[],"_links":{"self":[{"href":"http:\/\/piknikmotoryzacyjny.pl\/index.php?rest_route=\/wp\/v2\/pages\/1415"}],"collection":[{"href":"http:\/\/piknikmotoryzacyjny.pl\/index.php?rest_route=\/wp\/v2\/pages"}],"about":[{"href":"http:\/\/piknikmotoryzacyjny.pl\/index.php?rest_route=\/wp\/v2\/types\/page"}],"author":[{"embeddable":true,"href":"http:\/\/piknikmotoryzacyjny.pl\/index.php?rest_route=\/wp\/v2\/users\/1"}],"replies":[{"embeddable":true,"href":"http:\/\/piknikmotoryzacyjny.pl\/index.php?rest_route=%2Fwp%2Fv2%2Fcomments&post=1415"}],"version-history":[{"count":100,"href":"http:\/\/piknikmotoryzacyjny.pl\/index.php?rest_route=\/wp\/v2\/pages\/1415\/revisions"}],"predecessor-version":[{"id":1419,"href":"http:\/\/piknikmotoryzacyjny.pl\/index.php?rest_route=\/wp\/v2\/pages\/1415\/revisions\/1419"}],"wp:attachment":[{"href":"http:\/\/piknikmotoryzacyjny.pl\/index.php?rest_route=%2Fwp%2Fv2%2Fmedia&parent=1415"}],"curies":[{"name":"wp","href":"https:\/\/api.w.org\/{rel}","templated":true}]}}