{"id":1272,"date":"2019-09-01T17:33:30","date_gmt":"2019-09-01T17:33:30","guid":{"rendered":"http:\/\/piknikmotoryzacyjny.pl\/?page_id=1272"},"modified":"2019-09-01T18:42:54","modified_gmt":"2019-09-01T18:42:54","slug":"treningowy-wyjazd-turystyczny","status":"publish","type":"page","link":"http:\/\/piknikmotoryzacyjny.pl\/?page_id=1272","title":{"rendered":"Turystyczny Wyjazd Treningowy"},"content":{"rendered":"<h1>Turystyczny Wyjazd Treningowy<\/h1>\n<h3>CEL WYJAZDU:<\/h3>\n<p>Zwiedzanie atrakcji turystycznych, integracja oraz trening jazdy cruisingowej, czyli dopracowanie do perfekcji p\u0142ynnej i rytmicznej jazdy oraz perfekcyjnego pokonywania zakr\u0119t\u00f3w.<\/p>\n<p>Poniewa\u017c w Polsce poj\u0119cie trening jazdy cruisingowej nie istnieje, jako pierwsi wprowadzamy je na nasz rynek.<\/p>\n<h3>DLA KOGO:<\/h3>\n<p>Dla wszystkich pasjonat\u00f3w turystyki motoryzacyjnej.<\/p>\n<p>Dla wszystkich, kt\u00f3rzy dla podniesienia bezpiecze\u0144stwa ruchu drogowego chc\u0105 pozna\u0107 tajemnice Wyczynowych Technikach Jazdy, aby w newralgicznych sytuacjach, umie\u0107 prawid\u0142owo zachowa\u0107 si\u0119 w warunkach drogowych.<\/p>\n<h3>Pojazdy:<\/h3>\n<p>Turystyczny Wyjazd Treningowy przeznaczony jest dla posiadaczy samochod\u00f3w i motocykli z uwzgl\u0119dnieniem albo samochody albo motocykle.<\/p>\n<h3>TERMIN:<\/h3>\n<p>4,5,6 pa\u017adziernik 2019r\u00a0 &#8222;WYJAZD SAMOCHODOWY&#8221;<\/p>\n<h3>MIEJSCE:<\/h3>\n<p>Doln\u00ed Adr\u0161pach\u00a0 Czechy<\/p>\n<h3>DODATKOWE ATRAKCJE:<\/h3>\n<p>zwiedzanie lokalnych atrakcji turystycznych<\/p>\n<h3>ZAKWATEROWANIE \u2013 NOCLEGI i WY\u017bYWIENIE:<\/h3>\n<p>Z wykorzystaniem lokalnych kwater, restauracji sklep\u00f3w<\/p>\n<h3>ILO\u015a\u0106 MIEJSC:<\/h3>\n<p>7 SAMOCHOD\u00d3W<\/p>\n<h3>ZG\u0141OSZENIA:<\/h3>\n<p>Telefonicznie:<\/p>\n<p>506 807 147<\/p>\n<p>LISTA OS\u00d3B<\/p>\n<p>1.<\/p>\n<p>2.<\/p>\n<p>3.<\/p>\n<p>4.<\/p>\n<p>5.<\/p>\n<p>6.<\/p>\n<p>7.<\/p>\n","protected":false},"excerpt":{"rendered":"<p>Turystyczny Wyjazd Treningowy CEL WYJAZDU: Zwiedzanie atrakcji turystycznych, integracja oraz trening jazdy cruisingowej, czyli dopracowanie do perfekcji p\u0142ynnej i rytmicznej jazdy oraz perfekcyjnego pokonywania zakr\u0119t\u00f3w. Poniewa\u017c w Polsce poj\u0119cie trening jazdy cruisingowej nie istnieje, jako pierwsi wprowadzamy je na nasz rynek. DLA KOGO: Dla wszystkich pasjonat\u00f3w turystyki motoryzacyjnej. Dla wszystkich, kt\u00f3rzy dla podniesienia bezpiecze\u0144stwa ruchu [&hellip;]<\/p>\n","protected":false},"author":1,"featured_media":0,"parent":0,"menu_order":0,"comment_status":"closed","ping_status":"open","template":"","meta":[],"_links":{"self":[{"href":"http:\/\/piknikmotoryzacyjny.pl\/index.php?rest_route=\/wp\/v2\/pages\/1272"}],"collection":[{"href":"http:\/\/piknikmotoryzacyjny.pl\/index.php?rest_route=\/wp\/v2\/pages"}],"about":[{"href":"http:\/\/piknikmotoryzacyjny.pl\/index.php?rest_route=\/wp\/v2\/types\/page"}],"author":[{"embeddable":true,"href":"http:\/\/piknikmotoryzacyjny.pl\/index.php?rest_route=\/wp\/v2\/users\/1"}],"replies":[{"embeddable":true,"href":"http:\/\/piknikmotoryzacyjny.pl\/index.php?rest_route=%2Fwp%2Fv2%2Fcomments&post=1272"}],"version-history":[{"count":32,"href":"http:\/\/piknikmotoryzacyjny.pl\/index.php?rest_route=\/wp\/v2\/pages\/1272\/revisions"}],"predecessor-version":[{"id":1274,"href":"http:\/\/piknikmotoryzacyjny.pl\/index.php?rest_route=\/wp\/v2\/pages\/1272\/revisions\/1274"}],"wp:attachment":[{"href":"http:\/\/piknikmotoryzacyjny.pl\/index.php?rest_route=%2Fwp%2Fv2%2Fmedia&parent=1272"}],"curies":[{"name":"wp","href":"https:\/\/api.w.org\/{rel}","templated":true}]}}